{"id":27,"date":"2025-10-31T09:27:50","date_gmt":"2025-10-31T09:27:50","guid":{"rendered":"https:\/\/mariapaulafotografie.com\/?page_id=27"},"modified":"2026-03-30T12:57:29","modified_gmt":"2026-03-30T12:57:29","slug":"newsletter","status":"publish","type":"page","link":"https:\/\/mariapaulafotografie.com\/en\/newsletter\/","title":{"rendered":"NEWSLETTER"},"content":{"rendered":"<style>.kb-row-layout-id27_68bb22-ee > .kt-row-column-wrap{align-content:start;}:where(.kb-row-layout-id27_68bb22-ee > .kt-row-column-wrap) > .wp-block-kadence-column{justify-content:start;}.kb-row-layout-id27_68bb22-ee > .kt-row-column-wrap{column-gap:var(--global-kb-gap-md, 2rem);row-gap:var(--global-kb-gap-md, 2rem);padding-top:var(--global-kb-spacing-sm, 1.5rem);padding-bottom:var(--global-kb-spacing-sm, 1.5rem);grid-template-columns:minmax(0, 1fr);}.kb-row-layout-id27_68bb22-ee > .kt-row-layout-overlay{opacity:0.30;}@media all and (max-width: 1024px){.kb-row-layout-id27_68bb22-ee > .kt-row-column-wrap{grid-template-columns:minmax(0, 1fr);}}@media all and (max-width: 767px){.kb-row-layout-id27_68bb22-ee > .kt-row-column-wrap{grid-template-columns:minmax(0, 1fr);}}<\/style><div class=\"kb-row-layout-wrap kb-row-layout-id27_68bb22-ee alignwide has-theme-palette9-background-color kt-row-has-bg wp-block-kadence-rowlayout\"><div class=\"kt-row-column-wrap kt-has-1-columns kt-row-layout-equal kt-tab-layout-inherit kt-mobile-layout-row kt-row-valign-top\">\n<style>.kadence-column27_ee1812-db > .kt-inside-inner-col,.kadence-column27_ee1812-db > .kt-inside-inner-col:before{border-top-left-radius:0px;border-top-right-radius:0px;border-bottom-right-radius:0px;border-bottom-left-radius:0px;}.kadence-column27_ee1812-db > .kt-inside-inner-col{column-gap:var(--global-kb-gap-sm, 1rem);}.kadence-column27_ee1812-db > .kt-inside-inner-col{flex-direction:column;}.kadence-column27_ee1812-db > .kt-inside-inner-col > .aligncenter{width:100%;}.kadence-column27_ee1812-db > .kt-inside-inner-col:before{opacity:0.3;}.kadence-column27_ee1812-db{position:relative;}@media all and (max-width: 1024px){.kadence-column27_ee1812-db > .kt-inside-inner-col{flex-direction:column;justify-content:center;}}@media all and (max-width: 767px){.kadence-column27_ee1812-db > .kt-inside-inner-col{flex-direction:column;justify-content:center;}}<\/style>\n<div class=\"wp-block-kadence-column kadence-column27_ee1812-db\"><div class=\"kt-inside-inner-col\">\n<div class=\"wp-block-cover is-light\"><img decoding=\"async\" width=\"1024\" height=\"464\" class=\"wp-block-cover__image-background wp-image-988\" alt=\"\" src=\"https:\/\/mariapaulafotografie.com\/wp-content\/uploads\/2026\/01\/Sylt-Meer-1-1024x464.jpg\" data-object-fit=\"cover\" srcset=\"https:\/\/mariapaulafotografie.com\/wp-content\/uploads\/2026\/01\/Sylt-Meer-1-1024x464.jpg 1024w, https:\/\/mariapaulafotografie.com\/wp-content\/uploads\/2026\/01\/Sylt-Meer-1-300x136.jpg 300w, https:\/\/mariapaulafotografie.com\/wp-content\/uploads\/2026\/01\/Sylt-Meer-1-768x348.jpg 768w, https:\/\/mariapaulafotografie.com\/wp-content\/uploads\/2026\/01\/Sylt-Meer-1-18x8.jpg 18w, https:\/\/mariapaulafotografie.com\/wp-content\/uploads\/2026\/01\/Sylt-Meer-1-500x227.jpg 500w, https:\/\/mariapaulafotografie.com\/wp-content\/uploads\/2026\/01\/Sylt-Meer-1-800x363.jpg 800w, https:\/\/mariapaulafotografie.com\/wp-content\/uploads\/2026\/01\/Sylt-Meer-1-1280x580.jpg 1280w, https:\/\/mariapaulafotografie.com\/wp-content\/uploads\/2026\/01\/Sylt-Meer-1.jpg 1500w\" sizes=\"(max-width: 1024px) 100vw, 1024px\" \/><span aria-hidden=\"true\" class=\"wp-block-cover__background has-background-dim-0 has-background-dim\"><\/span><div class=\"wp-block-cover__inner-container is-layout-flow wp-block-cover-is-layout-flow\">\n<p class=\"has-text-align-center has-large-font-size\">Insights, projects &amp; quiet stories \u2013 sent occasionally.<\/p>\n<\/div><\/div>\n<\/div><\/div>\n\n<\/div><\/div>\n\n        <div class=\"hostinger-reach-block-subscription-form-wrapper\">\n\n            <form id=\"42a33870-c1d9-432c-b7d8-bd89387bcdfa\" class=\"hostinger-reach-block-subscription-form\" action=\"\">\n                <input type=\"hidden\" name=\"group\" value=\"\">\n                <input type=\"hidden\" name=\"id\" value=\"42a33870-c1d9-432c-b7d8-bd89387bcdfa\">\n                <input type=\"hidden\" name=\"tags\" value=\"\">\n                <input type=\"hidden\" name=\"metadata.plugin\" value=\"hostinger-reach\">\n\n                <div\n                    class=\"hostinger-reach-block-form-fields\">\n                    <div class=\"hostinger-reach-block-form-field\">\n                        <label\n                            for=\"42a33870-c1d9-432c-b7d8-bd89387bcdfa-email\">Email                            <span class=\"required\">*<\/span><\/label>\n                        <input type=\"email\" id=\"42a33870-c1d9-432c-b7d8-bd89387bcdfa-email\" name=\"email\" required>\n                    <\/div>\n\n                    \n                    \n                    <button\n                        type=\"submit\"\n                        class=\"hostinger-reach-block-submit has-light-color has-color-3-background-color has-text-color has-background has-link-color\">\n                        Subscribe                    <\/button>\n                <\/div>\n\n                <div class=\"reach-subscription-message\" style=\"display: none;\">\n                    <div class=\"reach-subscription-message__icon\" style=\"display: none;\">\n                        <svg width=\"24\" height=\"24\" viewbox=\"0 0 24 24\" fill=\"none\" xmlns=\"http:\/\/www.w3.org\/2000\/svg\">\n                            <path d=\"M21.0455 5.95463C21.4848 6.39397 21.4848 7.10628 21.0455 7.54562L11.5076 17.0835C10.9511 17.64 10.0489 17.64 9.49237 17.0835L5.2045 12.7956C4.76517 12.3563 4.76517 11.644 5.2045 11.2046C5.64384 10.7653 6.35616 10.7653 6.7955 11.2046L10.5 14.9091L19.4545 5.95463C19.8938 5.51529 20.6062 5.51529 21.0455 5.95463Z\" fill=\"#18181A\"\/>\n                        <\/svg>\n                    <\/div>\n                    <div class=\"reach-subscription-message__text\"><\/div>\n                <\/div>\n            <input type=\"hidden\" name=\"trp-form-language\" value=\"en\"\/><\/form>\n        <\/div>\n        \n\n<style>.kb-row-layout-id27_295448-75 > .kt-row-column-wrap{align-content:start;}:where(.kb-row-layout-id27_295448-75 > .kt-row-column-wrap) > .wp-block-kadence-column{justify-content:start;}.kb-row-layout-id27_295448-75 > .kt-row-column-wrap{column-gap:var(--global-kb-gap-md, 2rem);row-gap:var(--global-kb-gap-md, 2rem);padding-top:var(--global-kb-spacing-sm, 1.5rem);padding-bottom:var(--global-kb-spacing-sm, 1.5rem);grid-template-columns:minmax(0, 1fr);}.kb-row-layout-id27_295448-75 > .kt-row-layout-overlay{opacity:0.30;}@media all and (max-width: 1024px){.kb-row-layout-id27_295448-75 > .kt-row-column-wrap{grid-template-columns:minmax(0, 1fr);}}@media all and (max-width: 767px){.kb-row-layout-id27_295448-75 > .kt-row-column-wrap{grid-template-columns:minmax(0, 1fr);}}<\/style><div class=\"kb-row-layout-wrap kb-row-layout-id27_295448-75 alignnone wp-block-kadence-rowlayout\"><div class=\"kt-row-column-wrap kt-has-1-columns kt-row-layout-equal kt-tab-layout-inherit kt-mobile-layout-row kt-row-valign-top\">\n<style>.kadence-column27_bc3ddb-39 > .kt-inside-inner-col,.kadence-column27_bc3ddb-39 > .kt-inside-inner-col:before{border-top-left-radius:0px;border-top-right-radius:0px;border-bottom-right-radius:0px;border-bottom-left-radius:0px;}.kadence-column27_bc3ddb-39 > .kt-inside-inner-col{column-gap:var(--global-kb-gap-sm, 1rem);}.kadence-column27_bc3ddb-39 > .kt-inside-inner-col{flex-direction:column;}.kadence-column27_bc3ddb-39 > .kt-inside-inner-col > .aligncenter{width:100%;}.kadence-column27_bc3ddb-39 > .kt-inside-inner-col:before{opacity:0.3;}.kadence-column27_bc3ddb-39{position:relative;}@media all and (max-width: 1024px){.kadence-column27_bc3ddb-39 > .kt-inside-inner-col{flex-direction:column;justify-content:center;}}@media all and (max-width: 767px){.kadence-column27_bc3ddb-39 > .kt-inside-inner-col{flex-direction:column;justify-content:center;}}<\/style>\n<div class=\"wp-block-kadence-column kadence-column27_bc3ddb-39\"><div class=\"kt-inside-inner-col\">\n<p class=\"has--font-size\">Mit meiner Anmeldung erkl\u00e4re ich mich einverstanden, regelm\u00e4\u00dfig per E-Mail Informationen zu Projekten, Angeboten und Neuigkeiten zu erhalten. Die Einwilligung kann ich jederzeit \u00fcber den Abmeldelink im Newsletter widerrufen. Weitere Informationen zum Datenschutz finde ich in der Datenschutzerkl\u00e4rung.<\/p>\n<\/div><\/div>\n\n<\/div><\/div>\n\n<style>.kb-row-layout-id27_8d0cbe-24 > .kt-row-column-wrap{align-content:start;}:where(.kb-row-layout-id27_8d0cbe-24 > .kt-row-column-wrap) > .wp-block-kadence-column{justify-content:start;}.kb-row-layout-id27_8d0cbe-24 > .kt-row-column-wrap{column-gap:var(--global-kb-gap-md, 2rem);row-gap:var(--global-kb-gap-md, 2rem);padding-top:var(--global-kb-spacing-sm, 1.5rem);padding-bottom:var(--global-kb-spacing-sm, 1.5rem);grid-template-columns:minmax(0, 1fr);}.kb-row-layout-id27_8d0cbe-24 > .kt-row-layout-overlay{opacity:0.30;}@media all and (max-width: 1024px){.kb-row-layout-id27_8d0cbe-24 > .kt-row-column-wrap{grid-template-columns:minmax(0, 1fr);}}@media all and (max-width: 767px){.kb-row-layout-id27_8d0cbe-24 > .kt-row-column-wrap{grid-template-columns:minmax(0, 1fr);}}<\/style><div class=\"kb-row-layout-wrap kb-row-layout-id27_8d0cbe-24 alignnone wp-block-kadence-rowlayout\"><div class=\"kt-row-column-wrap kt-has-1-columns kt-row-layout-equal kt-tab-layout-inherit kt-mobile-layout-row kt-row-valign-top\">\n<style>.kadence-column27_e3b11d-b9 > .kt-inside-inner-col,.kadence-column27_e3b11d-b9 > .kt-inside-inner-col:before{border-top-left-radius:0px;border-top-right-radius:0px;border-bottom-right-radius:0px;border-bottom-left-radius:0px;}.kadence-column27_e3b11d-b9 > .kt-inside-inner-col{column-gap:var(--global-kb-gap-sm, 1rem);}.kadence-column27_e3b11d-b9 > .kt-inside-inner-col{flex-direction:column;}.kadence-column27_e3b11d-b9 > .kt-inside-inner-col > .aligncenter{width:100%;}.kadence-column27_e3b11d-b9 > .kt-inside-inner-col:before{opacity:0.3;}.kadence-column27_e3b11d-b9{position:relative;}@media all and (max-width: 1024px){.kadence-column27_e3b11d-b9 > .kt-inside-inner-col{flex-direction:column;justify-content:center;}}@media all and (max-width: 767px){.kadence-column27_e3b11d-b9 > .kt-inside-inner-col{flex-direction:column;justify-content:center;}}<\/style>\n<div class=\"wp-block-kadence-column kadence-column27_e3b11d-b9\"><div class=\"kt-inside-inner-col\"><\/div><\/div>\n\n<\/div><\/div>","protected":false},"excerpt":{"rendered":"<p>Mit meiner Anmeldung erkl\u00e4re ich mich einverstanden, regelm\u00e4\u00dfig per E-Mail Informationen zu Projekten, Angeboten und Neuigkeiten zu erhalten. Die Einwilligung kann ich jederzeit \u00fcber den Abmeldelink im Newsletter widerrufen. Weitere Informationen zum Datenschutz finde ich in der Datenschutzerkl\u00e4rung.<\/p>","protected":false},"author":1,"featured_media":0,"parent":0,"menu_order":0,"comment_status":"closed","ping_status":"closed","template":"","meta":{"_kad_post_transparent":"","_kad_post_title":"hide","_kad_post_layout":"normal","_kad_post_sidebar_id":"","_kad_post_content_style":"","_kad_post_vertical_padding":"","_kad_post_feature":"","_kad_post_feature_position":"","_kad_post_header":false,"_kad_post_footer":false,"_kad_post_classname":"","_vp_format_video_url":"","_vp_image_focal_point":[],"_vp_custom_popup_image":0,"_vp_format_audio_url":"","_vp_custom_thumbnail":0,"_vp_custom_thumbnail_focal_point":[],"_vp_hover_thumbnail":0,"_vp_hover_thumbnail_focal_point":[],"footnotes":""},"class_list":["post-27","page","type-page","status-publish","hentry"],"_hostinger_reach_plugin_has_subscription_block":false,"_hostinger_reach_plugin_is_elementor":false,"_links":{"self":[{"href":"https:\/\/mariapaulafotografie.com\/en\/wp-json\/wp\/v2\/pages\/27","targetHints":{"allow":["GET"]}}],"collection":[{"href":"https:\/\/mariapaulafotografie.com\/en\/wp-json\/wp\/v2\/pages"}],"about":[{"href":"https:\/\/mariapaulafotografie.com\/en\/wp-json\/wp\/v2\/types\/page"}],"author":[{"embeddable":true,"href":"https:\/\/mariapaulafotografie.com\/en\/wp-json\/wp\/v2\/users\/1"}],"replies":[{"embeddable":true,"href":"https:\/\/mariapaulafotografie.com\/en\/wp-json\/wp\/v2\/comments?post=27"}],"version-history":[{"count":35,"href":"https:\/\/mariapaulafotografie.com\/en\/wp-json\/wp\/v2\/pages\/27\/revisions"}],"predecessor-version":[{"id":1013,"href":"https:\/\/mariapaulafotografie.com\/en\/wp-json\/wp\/v2\/pages\/27\/revisions\/1013"}],"wp:attachment":[{"href":"https:\/\/mariapaulafotografie.com\/en\/wp-json\/wp\/v2\/media?parent=27"}],"curies":[{"name":"wp","href":"https:\/\/api.w.org\/{rel}","templated":true}]}}