{"id":29,"date":"2025-10-31T09:28:05","date_gmt":"2025-10-31T09:28:05","guid":{"rendered":"https:\/\/mariapaulafotografie.com\/?page_id=29"},"modified":"2026-01-20T15:35:19","modified_gmt":"2026-01-20T15:35:19","slug":"kontak","status":"publish","type":"page","link":"https:\/\/mariapaulafotografie.com\/en\/kontak\/","title":{"rendered":"CONTACT"},"content":{"rendered":"<style>.kb-row-layout-id29_263ca7-4f > .kt-row-column-wrap{align-content:start;}:where(.kb-row-layout-id29_263ca7-4f > .kt-row-column-wrap) > .wp-block-kadence-column{justify-content:start;}.kb-row-layout-id29_263ca7-4f > .kt-row-column-wrap{column-gap:var(--global-kb-gap-md, 2rem);row-gap:var(--global-kb-gap-md, 2rem);max-width:1187px;margin-left:auto;margin-right:auto;padding-top:var(--global-kb-spacing-sm, 1.5rem);padding-bottom:var(--global-kb-spacing-sm, 1.5rem);grid-template-columns:repeat(2, minmax(0, 1fr));}.kb-row-layout-id29_263ca7-4f > .kt-row-layout-overlay{opacity:0.30;}@media all and (max-width: 1024px){.kb-row-layout-id29_263ca7-4f > .kt-row-column-wrap{grid-template-columns:repeat(2, minmax(0, 1fr));}}@media all and (max-width: 767px){.kb-row-layout-wrap.wp-block-kadence-rowlayout.kb-row-layout-id29_263ca7-4f{margin-top:0px;}.kb-row-layout-id29_263ca7-4f > .kt-row-column-wrap{padding-top:0px;grid-template-columns:minmax(0, 1fr);}}<\/style><div class=\"kb-row-layout-wrap kb-row-layout-id29_263ca7-4f aligncenter wp-block-kadence-rowlayout\"><div class=\"kt-row-column-wrap kt-has-2-columns kt-row-layout-equal kt-tab-layout-inherit kt-mobile-layout-row kt-row-valign-top\">\n<style>.kadence-column29_03a835-45 > .kt-inside-inner-col,.kadence-column29_03a835-45 > .kt-inside-inner-col:before{border-top-left-radius:0px;border-top-right-radius:0px;border-bottom-right-radius:0px;border-bottom-left-radius:0px;}.kadence-column29_03a835-45 > .kt-inside-inner-col{column-gap:var(--global-kb-gap-sm, 1rem);}.kadence-column29_03a835-45 > .kt-inside-inner-col{flex-direction:column;}.kadence-column29_03a835-45 > .kt-inside-inner-col > .aligncenter{width:100%;}.kadence-column29_03a835-45 > .kt-inside-inner-col:before{opacity:0.3;}.kadence-column29_03a835-45{position:relative;}@media all and (max-width: 1024px){.kadence-column29_03a835-45 > .kt-inside-inner-col{flex-direction:column;justify-content:center;}}@media all and (max-width: 767px){.kadence-column29_03a835-45 > .kt-inside-inner-col{padding-top:0px;flex-direction:column;justify-content:center;}}<\/style>\n<div class=\"wp-block-kadence-column kadence-column29_03a835-45\"><div class=\"kt-inside-inner-col\">\n<p class=\"has-text-align-center\">New shooting appointsments are possible as of 09. February.<\/p>\n\n\n\n<p class=\"has-text-align-center\">For inquiries please call or fill in the message box.<\/p>\n\n\n\n<p class=\"has-text-align-center\"><a href=\"tel:+491737071078\" title=\"\">+49 173 707 1078<\/a><\/p>\n<\/div><\/div>\n\n\n<style>.kadence-column29_b4bc3c-59 > .kt-inside-inner-col,.kadence-column29_b4bc3c-59 > .kt-inside-inner-col:before{border-top-left-radius:0px;border-top-right-radius:0px;border-bottom-right-radius:0px;border-bottom-left-radius:0px;}.kadence-column29_b4bc3c-59 > .kt-inside-inner-col{column-gap:var(--global-kb-gap-sm, 1rem);}.kadence-column29_b4bc3c-59 > .kt-inside-inner-col{flex-direction:column;}.kadence-column29_b4bc3c-59 > .kt-inside-inner-col > .aligncenter{width:100%;}.kadence-column29_b4bc3c-59 > .kt-inside-inner-col:before{opacity:0.3;}.kadence-column29_b4bc3c-59{position:relative;}@media all and (max-width: 1024px){.kadence-column29_b4bc3c-59 > .kt-inside-inner-col{flex-direction:column;justify-content:center;}}@media all and (max-width: 767px){.kadence-column29_b4bc3c-59 > .kt-inside-inner-col{flex-direction:column;justify-content:center;}}<\/style>\n<div class=\"wp-block-kadence-column kadence-column29_b4bc3c-59\"><div class=\"kt-inside-inner-col\"><style>.kadence-form-29_1c6037-ac .kb-form .kadence-blocks-form-field .kb-text-style-field, .kadence-form-29_1c6037-ac .kb-form .kadence-blocks-form-field .kb-select-style-field{background:var(--global-palette9, #ffffff);}.kb-form input.kadence-blocks-field.verify{opacity:0.0;position:absolute;top:0.0;left:0.0;width:0.0;height:0.0;z-index:-1;}<\/style>\n<div class=\"wp-block-kadence-form kadence-form-29_1c6037-ac kb-form-wrap kb-form-align-center\"><form class=\"kb-form\" action=\"\" method=\"post\" data-trp-original-action=\"\"><div class=\"kadence-blocks-form-field kb-field-desk-width-100 kb-input-size-standard\"><label for=\"kb_field_29_1c6037-ac_0\">Name<\/label><input name=\"kb_field_0\" id=\"kb_field_29_1c6037-ac_0\" data-label=\"Name\" type=\"text\" placeholder=\"\" value=\"\" data-type=\"text\" class=\"kb-field kb-text-style-field kb-text-field kb-field-0\"\/><\/div><div class=\"kadence-blocks-form-field kb-form-field-1 kb-field-desk-width-100 kb-input-size-standard\"><label for=\"kb_field_29_1c6037-ac_1\">Email<span class=\"required\">*<\/span><\/label><input name=\"kb_field_1\" id=\"kb_field_29_1c6037-ac_1\" data-label=\"Email\" type=\"email\" placeholder=\"\" value=\"\" data-type=\"email\" class=\"kb-field kb-text-style-field kb-email-field kb-field-1\" data-required=\"yes\"\/><\/div><div class=\"kadence-blocks-form-field kb-form-field-2 kb-field-desk-width-100 kb-input-size-standard\"><label for=\"kb_field_29_1c6037-ac_2\">Message<span class=\"required\">*<\/span><\/label><textarea name=\"kb_field_2\" id=\"kb_field_29_1c6037-ac_2\" data-label=\"Message\" type=\"textarea\" placeholder=\"\" data-type=\"textarea\" class=\"kb-field kb-text-style-field kb-textarea-field kb-field-2\" rows=\"4\" data-required=\"yes\"><\/textarea><\/div><input type=\"hidden\" name=\"_kb_form_id\" value=\"29_1c6037-ac\"\/><input type=\"hidden\" name=\"_kb_form_post_id\" value=\"29\"\/><input type=\"hidden\" name=\"action\" value=\"kb_process_ajax_submit\"\/><label class=\"kadence-verify-label\">Email<input class=\"kadence-blocks-field verify\" type=\"text\" name=\"_kb_verify_email\" autocomplete=\"new-password\" aria-hidden=\"true\" placeholder=\"Email\" tabindex=\"-1\" data-1p-ignore=\"true\" data-lpignore=\"true\" \/><\/label><div class=\"kadence-blocks-form-field kb-submit-field kb-field-desk-width-100\"><button class=\"kb-forms-submit button kb-button-size-standard kb-button-width-auto\">Submit<\/button><\/div><input type=\"hidden\" name=\"trp-form-language\" value=\"en\"\/><\/form><\/div>\n<noscript><div class=\"kadence-blocks-form-message kadence-blocks-form-warning\">Please enable JavaScript in your browser to submit the form<\/div><style>.kadence-form-29_1c6037-ac .kadence-blocks-form-field.kb-submit-field { display: none; }<\/style><\/noscript><\/div><\/div>\n\n<\/div><\/div>\n\n<style>.kb-row-layout-id29_5a4801-bb > .kt-row-column-wrap{align-content:center;}:where(.kb-row-layout-id29_5a4801-bb > .kt-row-column-wrap) > .wp-block-kadence-column{justify-content:center;}.kb-row-layout-id29_5a4801-bb > .kt-row-column-wrap{column-gap:var(--global-kb-gap-md, 2rem);row-gap:var(--global-kb-gap-md, 2rem);max-width:1401px;margin-left:auto;margin-right:auto;padding-top:var(--global-kb-spacing-sm, 1.5rem);padding-bottom:var(--global-kb-spacing-sm, 1.5rem);grid-template-columns:minmax(0, 1fr);}.kb-row-layout-id29_5a4801-bb > .kt-row-layout-overlay{opacity:0.30;}@media all and (max-width: 1024px){.kb-row-layout-id29_5a4801-bb > .kt-row-column-wrap{grid-template-columns:minmax(0, 1fr);}}@media all and (max-width: 767px){.kb-row-layout-id29_5a4801-bb > .kt-row-column-wrap{grid-template-columns:minmax(0, 1fr);}}<\/style><div class=\"kb-row-layout-wrap kb-row-layout-id29_5a4801-bb alignnone wp-block-kadence-rowlayout\"><div class=\"kt-row-column-wrap kt-has-1-columns kt-row-layout-equal kt-tab-layout-inherit kt-mobile-layout-row kt-row-valign-middle\">\n<style>.kadence-column29_6914c5-6c > .kt-inside-inner-col,.kadence-column29_6914c5-6c > .kt-inside-inner-col:before{border-top-left-radius:0px;border-top-right-radius:0px;border-bottom-right-radius:0px;border-bottom-left-radius:0px;}.kadence-column29_6914c5-6c > .kt-inside-inner-col{column-gap:var(--global-kb-gap-sm, 1rem);}.kadence-column29_6914c5-6c > .kt-inside-inner-col{flex-direction:column;}.kadence-column29_6914c5-6c > .kt-inside-inner-col > .aligncenter{width:100%;}.kadence-column29_6914c5-6c > .kt-inside-inner-col:before{opacity:0.3;}.kadence-column29_6914c5-6c{position:relative;}@media all and (max-width: 1024px){.kadence-column29_6914c5-6c > .kt-inside-inner-col{flex-direction:column;justify-content:center;}}@media all and (max-width: 767px){.kadence-column29_6914c5-6c > .kt-inside-inner-col{flex-direction:column;justify-content:center;}}<\/style>\n<div class=\"wp-block-kadence-column kadence-column29_6914c5-6c\"><div class=\"kt-inside-inner-col\"><\/div><\/div>\n\n<\/div><\/div>","protected":false},"excerpt":{"rendered":"<p>Neue Shooting Termine sind ab dem 09. Februar verf\u00fcgbar. F\u00fcr Terminanfragen weitere Fragen etc. freue ich mich \u00fcber Deinen Anruf oder Du schreibst mir eine Nachricht \u00fcber das Kontaktformular. +49 173 707 1078<\/p>","protected":false},"author":1,"featured_media":0,"parent":0,"menu_order":0,"comment_status":"closed","ping_status":"closed","template":"","meta":{"_kad_post_transparent":"","_kad_post_title":"","_kad_post_layout":"","_kad_post_sidebar_id":"","_kad_post_content_style":"","_kad_post_vertical_padding":"default","_kad_post_feature":"","_kad_post_feature_position":"","_kad_post_header":false,"_kad_post_footer":false,"_kad_post_classname":"","_vp_format_video_url":"","_vp_image_focal_point":[],"_vp_custom_popup_image":0,"_vp_format_audio_url":"","_vp_custom_thumbnail":0,"_vp_custom_thumbnail_focal_point":[],"_vp_hover_thumbnail":0,"_vp_hover_thumbnail_focal_point":[],"footnotes":""},"class_list":["post-29","page","type-page","status-publish","hentry"],"_hostinger_reach_plugin_has_subscription_block":false,"_hostinger_reach_plugin_is_elementor":false,"_links":{"self":[{"href":"https:\/\/mariapaulafotografie.com\/en\/wp-json\/wp\/v2\/pages\/29","targetHints":{"allow":["GET"]}}],"collection":[{"href":"https:\/\/mariapaulafotografie.com\/en\/wp-json\/wp\/v2\/pages"}],"about":[{"href":"https:\/\/mariapaulafotografie.com\/en\/wp-json\/wp\/v2\/types\/page"}],"author":[{"embeddable":true,"href":"https:\/\/mariapaulafotografie.com\/en\/wp-json\/wp\/v2\/users\/1"}],"replies":[{"embeddable":true,"href":"https:\/\/mariapaulafotografie.com\/en\/wp-json\/wp\/v2\/comments?post=29"}],"version-history":[{"count":23,"href":"https:\/\/mariapaulafotografie.com\/en\/wp-json\/wp\/v2\/pages\/29\/revisions"}],"predecessor-version":[{"id":896,"href":"https:\/\/mariapaulafotografie.com\/en\/wp-json\/wp\/v2\/pages\/29\/revisions\/896"}],"wp:attachment":[{"href":"https:\/\/mariapaulafotografie.com\/en\/wp-json\/wp\/v2\/media?parent=29"}],"curies":[{"name":"wp","href":"https:\/\/api.w.org\/{rel}","templated":true}]}}